{"id":147405,"date":"2025-01-07T22:04:19","date_gmt":"2025-01-07T22:04:19","guid":{"rendered":"https:\/\/www.lentisrl.com\/production-plant\/"},"modified":"2025-10-16T14:25:45","modified_gmt":"2025-10-16T14:25:45","slug":"production-plant","status":"publish","type":"page","link":"https:\/\/www.lentisrl.com\/en\/production-plant\/","title":{"rendered":"Production plant"},"content":{"rendered":"<div class=\"wpb-content-wrapper\"><p>[vc_row row_height_percent=&#8221;100&#8243; override_padding=&#8221;yes&#8221; h_padding=&#8221;2&#8243; top_padding=&#8221;5&#8243; bottom_padding=&#8221;4&#8243; back_image=&#8221;146558&#8243; multiple_media=&#8221;yes&#8221; kburns=&#8221;magnetic&#8221; overlay_color=&#8221;color-jevc&#8221; overlay_alpha=&#8221;20&#8243; gutter_size=&#8221;4&#8243; column_width_percent=&#8221;100&#8243; shift_y=&#8221;0&#8243; z_index=&#8221;0&#8243; content_parallax=&#8221;0&#8243; uncode_shortcode_id=&#8221;171481&#8243; overlay_color_type=&#8221;uncode-palette&#8221;][vc_column column_width_percent=&#8221;100&#8243; position_vertical=&#8221;justify&#8221; gutter_size=&#8221;2&#8243; style=&#8221;dark&#8221; font_family=&#8221;font-955596&#8243; overlay_alpha=&#8221;50&#8243; shift_x=&#8221;0&#8243; shift_y=&#8221;0&#8243; shift_y_down=&#8221;0&#8243; z_index=&#8221;0&#8243; medium_width=&#8221;0&#8243; mobile_width=&#8221;0&#8243; css_animation=&#8221;alpha-anim&#8221; animation_speed=&#8221;1400&#8243; width=&#8221;1\/1&#8243; mobile_height=&#8221;340&#8243; uncode_shortcode_id=&#8221;196819&#8243;][vc_row_inner row_inner_height_percent=&#8221;0&#8243; overlay_alpha=&#8221;50&#8243; gutter_size=&#8221;4&#8243; shift_y=&#8221;0&#8243; z_index=&#8221;0&#8243; limit_content=&#8221;&#8221; uncode_shortcode_id=&#8221;512458&#8243;][vc_column_inner column_width_use_pixel=&#8221;yes&#8221; position_horizontal=&#8221;left&#8221; gutter_size=&#8221;2&#8243; style=&#8221;dark&#8221; overlay_alpha=&#8221;50&#8243; shift_x=&#8221;0&#8243; shift_y=&#8221;0&#8243; shift_y_down=&#8221;0&#8243; z_index=&#8221;0&#8243; medium_width=&#8221;0&#8243; mobile_width=&#8221;0&#8243; width=&#8221;1\/1&#8243; uncode_shortcode_id=&#8221;274203&#8243; column_width_pixel=&#8221;800&#8243;][\/vc_column_inner][\/vc_row_inner][vc_row_inner row_inner_height_percent=&#8221;0&#8243; overlay_alpha=&#8221;50&#8243; gutter_size=&#8221;4&#8243; shift_y=&#8221;0&#8243; z_index=&#8221;0&#8243; limit_content=&#8221;&#8221; uncode_shortcode_id=&#8221;512458&#8243;][vc_column_inner column_width_use_pixel=&#8221;yes&#8221; position_horizontal=&#8221;left&#8221; gutter_size=&#8221;2&#8243; style=&#8221;dark&#8221; overlay_alpha=&#8221;50&#8243; shift_x=&#8221;0&#8243; shift_y=&#8221;0&#8243; shift_y_down=&#8221;0&#8243; z_index=&#8221;0&#8243; medium_width=&#8221;0&#8243; mobile_width=&#8221;0&#8243; width=&#8221;1\/1&#8243; uncode_shortcode_id=&#8221;263795&#8243; column_width_pixel=&#8221;800&#8243;][vc_custom_heading text_color=&#8221;color-xsdn&#8221; heading_semantic=&#8221;h1&#8243; text_size=&#8221;fontsize-160000&#8243; text_weight=&#8221;900&#8243; text_transform=&#8221;uppercase&#8221; text_space=&#8221;fontspace-210350&#8243; uncode_shortcode_id=&#8221;110978&#8243; el_class=&#8221;subtitle&#8221; text_color_type=&#8221;uncode-palette&#8221;]Production plant[\/vc_custom_heading][vc_custom_heading text_size=&#8221;custom&#8221; text_weight=&#8221;800&#8243; text_space=&#8221;fontspace-781688&#8243; uncode_shortcode_id=&#8221;584877&#8243; heading_custom_size=&#8221;clamp(42px,8vw,66px)&#8221;]Production capacity for every need[\/vc_custom_heading][vc_empty_space empty_h=&#8221;4&#8243;][\/vc_column_inner][\/vc_row_inner][vc_row_inner row_inner_height_percent=&#8221;0&#8243; overlay_alpha=&#8221;50&#8243; gutter_size=&#8221;4&#8243; shift_y=&#8221;0&#8243; z_index=&#8221;0&#8243; limit_content=&#8221;&#8221; uncode_shortcode_id=&#8221;512458&#8243;][vc_column_inner column_width_use_pixel=&#8221;yes&#8221; position_horizontal=&#8221;left&#8221; gutter_size=&#8221;2&#8243; style=&#8221;dark&#8221; overlay_alpha=&#8221;50&#8243; shift_x=&#8221;0&#8243; shift_y=&#8221;0&#8243; shift_y_down=&#8221;0&#8243; z_index=&#8221;0&#8243; medium_width=&#8221;0&#8243; mobile_width=&#8221;0&#8243; width=&#8221;1\/1&#8243; uncode_shortcode_id=&#8221;178856&#8243; column_width_pixel=&#8221;800&#8243;][uncode_breadcrumbs separator=&#8221;triangle&#8221; el_class=&#8221;lenti-breadcrumbs&#8221;][\/vc_column_inner][\/vc_row_inner][\/vc_column][\/vc_row][vc_row row_height_percent=&#8221;0&#8243; override_padding=&#8221;yes&#8221; h_padding=&#8221;2&#8243; top_padding=&#8221;5&#8243; bottom_padding=&#8221;3&#8243; overlay_alpha=&#8221;50&#8243; gutter_size=&#8221;3&#8243; column_width_percent=&#8221;100&#8243; shift_y=&#8221;0&#8243; z_index=&#8221;0&#8243; content_parallax=&#8221;0&#8243; uncode_shortcode_id=&#8221;436185&#8243;][vc_column column_width_use_pixel=&#8221;yes&#8221; position_horizontal=&#8221;left&#8221; gutter_size=&#8221;3&#8243; overlay_alpha=&#8221;50&#8243; shift_x=&#8221;0&#8243; shift_y=&#8221;0&#8243; shift_y_down=&#8221;0&#8243; z_index=&#8221;0&#8243; medium_width=&#8221;0&#8243; mobile_width=&#8221;0&#8243; width=&#8221;1\/2&#8243; uncode_shortcode_id=&#8221;371540&#8243; column_width_pixel=&#8221;480&#8243;][vc_custom_heading text_size=&#8221;&#8221; uncode_shortcode_id=&#8221;578130&#8243;]Technology at the service of your vision[\/vc_custom_heading][\/vc_column][vc_column width=&#8221;1\/2&#8243;][vc_column_text uncode_shortcode_id=&#8221;696586&#8243;]Disponiamo di uno stabilimento di 5.500 mq, all&#8217;interno del quale operano macchinari industriali in grado di soddisfare e garantire una <a href=\"https:\/\/www.lentisrl.com\/en\/production-processes\/\">produzione e trattamenti<\/a> di alta qualit\u00e0. Attraverso le nostre certificazioni <a href=\"https:\/\/www.lentisrl.com\/en\/certifications\/\"><strong>ISCC+, ISO 9001, ISO 45001, ISO 50001, SA 8000<\/strong><\/a> e al nostro laboratorio di ricerca e sviluppo, <a href=\"https:\/\/www.lentisrl.com\/en\/lenti-lab\/\">Lenti Lab<\/a>, siamo in grado di offrire soluzioni personalizzate e innovative, garantendo la massima qualit\u00e0 e conformit\u00e0 ai pi\u00f9 rigorosi standard del settore.[\/vc_column_text][\/vc_column][\/vc_row][vc_row row_height_percent=&#8221;0&#8243; override_padding=&#8221;yes&#8221; h_padding=&#8221;2&#8243; top_padding=&#8221;0&#8243; bottom_padding=&#8221;5&#8243; overlay_alpha=&#8221;50&#8243; gutter_size=&#8221;3&#8243; column_width_percent=&#8221;100&#8243; shift_y=&#8221;0&#8243; z_index=&#8221;0&#8243; content_parallax=&#8221;0&#8243; uncode_shortcode_id=&#8221;169742&#8243;][vc_column column_width_percent=&#8221;100&#8243; gutter_size=&#8221;2&#8243; overlay_alpha=&#8221;50&#8243; shift_x=&#8221;0&#8243; shift_y=&#8221;0&#8243; shift_y_down=&#8221;0&#8243; z_index=&#8221;0&#8243; medium_width=&#8221;0&#8243; mobile_width=&#8221;0&#8243; width=&#8221;1\/1&#8243; uncode_shortcode_id=&#8221;105527&#8243;][vc_row_inner row_inner_height_percent=&#8221;0&#8243; overlay_alpha=&#8221;50&#8243; equal_height=&#8221;yes&#8221; gutter_size=&#8221;2&#8243; shift_y=&#8221;0&#8243; z_index=&#8221;0&#8243; uncode_shortcode_id=&#8221;189241&#8243;][vc_column_inner column_width_percent=&#8221;100&#8243; gutter_size=&#8221;3&#8243; override_padding=&#8221;yes&#8221; column_padding=&#8221;3&#8243; back_color=&#8221;color-lxmt&#8221; overlay_alpha=&#8221;50&#8243; radius=&#8221;std&#8221; shift_x=&#8221;0&#8243; shift_y=&#8221;0&#8243; shift_y_down=&#8221;0&#8243; z_index=&#8221;0&#8243; medium_width=&#8221;0&#8243; mobile_width=&#8221;0&#8243; width=&#8221;1\/3&#8243; uncode_shortcode_id=&#8221;201893&#8243; back_color_type=&#8221;uncode-palette&#8221;][uncode_counter value=&#8221;16&#8243; counter_color=&#8221;&#8221; size=&#8221;fontsize-338686&#8243; weight=&#8221;700&#8243; height=&#8221;fontheight-179065&#8243; uncode_shortcode_id=&#8221;151709&#8243;][vc_column_text uncode_shortcode_id=&#8221;209788&#8243;]Large-capacity injection moulding machines, from 110 to 1,300 tons, to produce components of various sizes and complexities.[\/vc_column_text][\/vc_column_inner][vc_column_inner column_width_percent=&#8221;100&#8243; gutter_size=&#8221;3&#8243; override_padding=&#8221;yes&#8221; column_padding=&#8221;3&#8243; back_color=&#8221;color-lxmt&#8221; overlay_alpha=&#8221;50&#8243; radius=&#8221;std&#8221; shift_x=&#8221;0&#8243; shift_y=&#8221;0&#8243; shift_y_down=&#8221;0&#8243; z_index=&#8221;0&#8243; medium_width=&#8221;0&#8243; mobile_width=&#8221;0&#8243; width=&#8221;1\/3&#8243; uncode_shortcode_id=&#8221;157490&#8243; back_color_type=&#8221;uncode-palette&#8221;][uncode_counter value=&#8221;3&#8243; counter_color=&#8221;&#8221; size=&#8221;fontsize-338686&#8243; weight=&#8221;700&#8243; height=&#8221;fontheight-179065&#8243; uncode_shortcode_id=&#8221;139430&#8243;][vc_column_text uncode_shortcode_id=&#8221;105568&#8243;]Washing lines and anti-scratch and anti-fog surface treatments that guarantee a top-quality paint finish.[\/vc_column_text][\/vc_column_inner][vc_column_inner column_width_percent=&#8221;100&#8243; gutter_size=&#8221;3&#8243; override_padding=&#8221;yes&#8221; column_padding=&#8221;3&#8243; back_color=&#8221;color-lxmt&#8221; overlay_alpha=&#8221;50&#8243; shift_x=&#8221;0&#8243; shift_y=&#8221;0&#8243; shift_y_down=&#8221;0&#8243; z_index=&#8221;0&#8243; medium_width=&#8221;0&#8243; mobile_width=&#8221;0&#8243; width=&#8221;1\/3&#8243; uncode_shortcode_id=&#8221;209679&#8243; back_color_type=&#8221;uncode-palette&#8221;][uncode_counter value=&#8221;6&#8243; counter_color=&#8221;&#8221; size=&#8221;fontsize-338686&#8243; weight=&#8221;700&#8243; height=&#8221;fontheight-179065&#8243; uncode_shortcode_id=&#8221;893859&#8243;][vc_column_text uncode_shortcode_id=&#8221;509439&#8243;]Colouring machines for shading components, ensuring greater flexibility in colouring.[\/vc_column_text][\/vc_column_inner][\/vc_row_inner][vc_row_inner row_inner_height_percent=&#8221;0&#8243; overlay_alpha=&#8221;50&#8243; equal_height=&#8221;yes&#8221; gutter_size=&#8221;2&#8243; shift_y=&#8221;0&#8243; z_index=&#8221;0&#8243; uncode_shortcode_id=&#8221;189241&#8243;][vc_column_inner column_width_percent=&#8221;100&#8243; gutter_size=&#8221;3&#8243; override_padding=&#8221;yes&#8221; column_padding=&#8221;3&#8243; back_color=&#8221;color-lxmt&#8221; overlay_alpha=&#8221;50&#8243; radius=&#8221;std&#8221; shift_x=&#8221;0&#8243; shift_y=&#8221;0&#8243; shift_y_down=&#8221;0&#8243; z_index=&#8221;0&#8243; medium_width=&#8221;0&#8243; mobile_width=&#8221;0&#8243; width=&#8221;1\/3&#8243; uncode_shortcode_id=&#8221;201893&#8243; back_color_type=&#8221;uncode-palette&#8221;][uncode_counter value=&#8221;1&#8243; counter_color=&#8221;&#8221; size=&#8221;fontsize-338686&#8243; weight=&#8221;700&#8243; height=&#8221;fontheight-179065&#8243; uncode_shortcode_id=&#8221;310100&#8243;][vc_column_text uncode_shortcode_id=&#8221;147921&#8243;]Dedicated lens washing system.[\/vc_column_text][\/vc_column_inner][vc_column_inner column_width_percent=&#8221;100&#8243; gutter_size=&#8221;3&#8243; override_padding=&#8221;yes&#8221; column_padding=&#8221;3&#8243; back_color=&#8221;color-lxmt&#8221; overlay_alpha=&#8221;50&#8243; shift_x=&#8221;0&#8243; shift_y=&#8221;0&#8243; shift_y_down=&#8221;0&#8243; z_index=&#8221;0&#8243; medium_width=&#8221;0&#8243; mobile_width=&#8221;0&#8243; width=&#8221;1\/3&#8243; uncode_shortcode_id=&#8221;209679&#8243; back_color_type=&#8221;uncode-palette&#8221;][uncode_counter value=&#8221;2&#8243; counter_color=&#8221;&#8221; size=&#8221;fontsize-338686&#8243; weight=&#8221;700&#8243; height=&#8221;fontheight-179065&#8243; uncode_shortcode_id=&#8221;162059&#8243;][vc_column_text uncode_shortcode_id=&#8221;184895&#8243;]Pad printing machines to create unique and personalised lenses.[\/vc_column_text][\/vc_column_inner][vc_column_inner column_width_percent=&#8221;100&#8243; gutter_size=&#8221;3&#8243; override_padding=&#8221;yes&#8221; column_padding=&#8221;3&#8243; back_color=&#8221;color-lxmt&#8221; overlay_alpha=&#8221;50&#8243; radius=&#8221;std&#8221; shift_x=&#8221;0&#8243; shift_y=&#8221;0&#8243; shift_y_down=&#8221;0&#8243; z_index=&#8221;0&#8243; medium_width=&#8221;0&#8243; mobile_width=&#8221;0&#8243; width=&#8221;1\/3&#8243; uncode_shortcode_id=&#8221;157490&#8243; back_color_type=&#8221;uncode-palette&#8221;][uncode_counter value=&#8221;6&#8243; counter_color=&#8221;&#8221; size=&#8221;fontsize-338686&#8243; weight=&#8221;700&#8243; height=&#8221;fontheight-179065&#8243; uncode_shortcode_id=&#8221;172500&#8243;][vc_column_text uncode_shortcode_id=&#8221;158490&#8243;]Vacuum mirroring machines.[\/vc_column_text][\/vc_column_inner][\/vc_row_inner][\/vc_column][\/vc_row][vc_row row_height_percent=&#8221;75&#8243; override_padding=&#8221;yes&#8221; h_padding=&#8221;2&#8243; top_padding=&#8221;5&#8243; bottom_padding=&#8221;5&#8243; back_image=&#8221;146560&#8243; multiple_media=&#8221;yes&#8221; medias=&#8221;146561,146562,146563,146564,146565,146566&#8243; kburns=&#8221;magnetic&#8221; bg_transition_time=&#8221;1000&#8243; bg_carousel_time=&#8221;5000&#8243; bg_transition_threshold=&#8221;0&#8243; overlay_color=&#8221;color-jevc&#8221; overlay_alpha=&#8221;20&#8243; gutter_size=&#8221;3&#8243; column_width_percent=&#8221;100&#8243; shift_y=&#8221;0&#8243; z_index=&#8221;0&#8243; content_parallax=&#8221;0&#8243; uncode_shortcode_id=&#8221;177754&#8243; overlay_color_type=&#8221;uncode-palette&#8221;][vc_column column_width_percent=&#8221;100&#8243; gutter_size=&#8221;3&#8243; override_padding=&#8221;yes&#8221; column_padding=&#8221;3&#8243; back_color=&#8221;color-lxmt&#8221; overlay_alpha=&#8221;50&#8243; radius=&#8221;std&#8221; shift_x=&#8221;0&#8243; shift_y=&#8221;0&#8243; shift_y_down=&#8221;0&#8243; z_index=&#8221;0&#8243; medium_width=&#8221;0&#8243; mobile_width=&#8221;0&#8243; width=&#8221;1\/2&#8243; uncode_shortcode_id=&#8221;207612&#8243; back_color_type=&#8221;uncode-palette&#8221;][vc_custom_heading text_size=&#8221;&#8221; uncode_shortcode_id=&#8221;208212&#8243;]Our factory[\/vc_custom_heading][vc_row_inner][vc_column_inner column_width_percent=&#8221;100&#8243; gutter_size=&#8221;2&#8243; overlay_alpha=&#8221;50&#8243; shift_x=&#8221;0&#8243; shift_y=&#8221;0&#8243; shift_y_down=&#8221;0&#8243; z_index=&#8221;0&#8243; medium_width=&#8221;0&#8243; mobile_width=&#8221;0&#8243; width=&#8221;1\/1&#8243; uncode_shortcode_id=&#8221;118471&#8243;][vc_custom_heading heading_semantic=&#8221;h5&#8243; text_size=&#8221;fontsize-429992&#8243; text_weight=&#8221;400&#8243; uncode_shortcode_id=&#8221;127557&#8243;]Total surface area 5,500 sq m[\/vc_custom_heading][vc_separator sep_color=&#8221;&#8221; uncode_shortcode_id=&#8221;890318&#8243;][vc_custom_heading heading_semantic=&#8221;h5&#8243; text_size=&#8221;fontsize-429992&#8243; text_weight=&#8221;400&#8243; uncode_shortcode_id=&#8221;355354&#8243;]Offices 250 sq m[\/vc_custom_heading][vc_separator sep_color=&#8221;&#8221; uncode_shortcode_id=&#8221;890318&#8243;][vc_custom_heading heading_semantic=&#8221;h5&#8243; text_size=&#8221;fontsize-429992&#8243; text_weight=&#8221;400&#8243; uncode_shortcode_id=&#8221;683006&#8243;]5,500 sq m factory[\/vc_custom_heading][vc_separator sep_color=&#8221;&#8221; uncode_shortcode_id=&#8221;890318&#8243;][vc_custom_heading heading_semantic=&#8221;h5&#8243; text_size=&#8221;fontsize-429992&#8243; text_weight=&#8221;400&#8243; uncode_shortcode_id=&#8221;801852&#8243;]Warehouse 750 sq m[\/vc_custom_heading][vc_separator sep_color=&#8221;&#8221; uncode_shortcode_id=&#8221;890318&#8243;][vc_custom_heading heading_semantic=&#8221;h5&#8243; text_size=&#8221;fontsize-429992&#8243; text_weight=&#8221;400&#8243; uncode_shortcode_id=&#8221;162844&#8243;]Staff ~ 130 employees: ~ 115 factory workers, ~ 15 office workers[\/vc_custom_heading][\/vc_column_inner][\/vc_row_inner][\/vc_column][vc_column width=&#8221;1\/2&#8243;][\/vc_column][\/vc_row][vc_row row_height_percent=&#8221;0&#8243; override_padding=&#8221;yes&#8221; h_padding=&#8221;2&#8243; top_padding=&#8221;5&#8243; bottom_padding=&#8221;0&#8243; back_color=&#8221;color-lxmt&#8221; overlay_alpha=&#8221;50&#8243; gutter_size=&#8221;3&#8243; column_width_use_pixel=&#8221;yes&#8221; shift_y=&#8221;0&#8243; z_index=&#8221;2&#8243; top_divider=&#8221;gradient&#8221; enable_bottom_divider=&#8221;default&#8221; bottom_divider=&#8221;step&#8221; shape_bottom_h_use_pixel=&#8221;&#8221; shape_bottom_height=&#8221;96&#8243; shape_bottom_color=&#8221;color-875498&#8243; shape_bottom_opacity=&#8221;100&#8243; shape_bottom_index=&#8221;0&#8243; content_parallax=&#8221;0&#8243; uncode_shortcode_id=&#8221;355904&#8243; back_color_type=&#8221;uncode-palette&#8221; shape_bottom_color_type=&#8221;uncode-palette&#8221;][vc_column column_width_percent=&#8221;100&#8243; gutter_size=&#8221;3&#8243; overlay_alpha=&#8221;50&#8243; shift_x=&#8221;0&#8243; shift_y=&#8221;0&#8243; shift_y_down=&#8221;0&#8243; z_index=&#8221;0&#8243; medium_width=&#8221;0&#8243; mobile_width=&#8221;0&#8243; width=&#8221;1\/1&#8243; uncode_shortcode_id=&#8221;491323&#8243;][vc_row_inner][vc_column_inner column_width_use_pixel=&#8221;yes&#8221; position_horizontal=&#8221;left&#8221; gutter_size=&#8221;3&#8243; overlay_alpha=&#8221;50&#8243; shift_x=&#8221;0&#8243; shift_y=&#8221;0&#8243; shift_y_down=&#8221;0&#8243; z_index=&#8221;0&#8243; medium_width=&#8221;0&#8243; mobile_width=&#8221;0&#8243; width=&#8221;1\/2&#8243; uncode_shortcode_id=&#8221;123487&#8243; column_width_pixel=&#8221;480&#8243;][vc_empty_space empty_h=&#8221;1&#8243; medium_visibility=&#8221;yes&#8221; mobile_visibility=&#8221;yes&#8221;][vc_custom_heading heading_semantic=&#8221;h6&#8243; text_size=&#8221;fontsize-160000&#8243; text_weight=&#8221;600&#8243; text_transform=&#8221;uppercase&#8221; text_space=&#8221;fontspace-210350&#8243; uncode_shortcode_id=&#8221;105399&#8243; el_class=&#8221;subtitle&#8221; text_color_type=&#8221;uncode-solid&#8221; text_color_solid=&#8221;rgba(0,59,101,0.4)&#8221;]Info and contacts[\/vc_custom_heading][vc_custom_heading text_size=&#8221;&#8221; uncode_shortcode_id=&#8221;179781&#8243;]We can help you make your product[\/vc_custom_heading][vc_column_text uncode_shortcode_id=&#8221;151646&#8243;]Contact us for a personalised consultation. Our team of experts is available to find the solution that best suits your needs.[\/vc_column_text][\/vc_column_inner][vc_column_inner column_width_percent=&#8221;100&#8243; gutter_size=&#8221;3&#8243; override_padding=&#8221;yes&#8221; column_padding=&#8221;3&#8243; back_color=&#8221;color-xsdn&#8221; overlay_alpha=&#8221;50&#8243; radius=&#8221;std&#8221; shadow=&#8221;std&#8221; shift_x=&#8221;0&#8243; shift_y=&#8221;0&#8243; shift_y_down=&#8221;0&#8243; z_index=&#8221;0&#8243; medium_width=&#8221;0&#8243; mobile_width=&#8221;0&#8243; width=&#8221;1\/2&#8243; uncode_shortcode_id=&#8221;173593&#8243; back_color_type=&#8221;uncode-palette&#8221;]\n<div class=\"wpcf7 no-js\" id=\"wpcf7-f147495-o1\" lang=\"en-US\" dir=\"ltr\" data-wpcf7-id=\"147495\">\n<div class=\"screen-reader-response\"><p role=\"status\" aria-live=\"polite\" aria-atomic=\"true\"><\/p> <ul><\/ul><\/div>\n<form action=\"\/en\/wp-json\/wp\/v2\/pages\/147405#wpcf7-f147495-o1\" method=\"post\" class=\"wpcf7-form init input-underline\" aria-label=\"Contact form\" novalidate=\"novalidate\" data-status=\"init\">\n<fieldset class=\"hidden-fields-container\"><input type=\"hidden\" name=\"_wpcf7\" value=\"147495\" \/><input type=\"hidden\" name=\"_wpcf7_version\" value=\"6.1.4\" \/><input type=\"hidden\" name=\"_wpcf7_locale\" value=\"en_US\" \/><input type=\"hidden\" name=\"_wpcf7_unit_tag\" value=\"wpcf7-f147495-o1\" \/><input type=\"hidden\" name=\"_wpcf7_container_post\" value=\"0\" \/><input type=\"hidden\" name=\"_wpcf7_posted_data_hash\" value=\"\" \/><input type=\"hidden\" name=\"_wpcf7_recaptcha_response\" value=\"\" \/>\n<\/fieldset>\n<div class=\"wpcf7-inline-wrapper\">\n\t<p class=\"wpcf7-inline-field\"><span class=\"wpcf7-form-control-wrap\" data-name=\"nome\"><input size=\"40\" maxlength=\"400\" class=\"wpcf7-form-control wpcf7-text wpcf7-validates-as-required\" aria-required=\"true\" aria-invalid=\"false\" placeholder=\"Name\" value=\"\" type=\"text\" name=\"nome\" \/><\/span>\n\t<\/p>\n\t<p class=\"wpcf7-inline-field\"><span class=\"wpcf7-form-control-wrap\" data-name=\"cognome\"><input size=\"40\" maxlength=\"400\" class=\"wpcf7-form-control wpcf7-text wpcf7-validates-as-required form-fluid\" aria-required=\"true\" aria-invalid=\"false\" placeholder=\"Surname\" value=\"\" type=\"text\" name=\"cognome\" \/><\/span>\n\t<\/p>\n<\/div>\n<div class=\"wpcf7-inline-wrapper\">\n\t<p class=\"wpcf7-inline-field\"><span class=\"wpcf7-form-control-wrap\" data-name=\"azienda\"><input size=\"40\" maxlength=\"400\" class=\"wpcf7-form-control wpcf7-text form-fluid\" aria-invalid=\"false\" placeholder=\"Company\" value=\"\" type=\"text\" name=\"azienda\" \/><\/span>\n\t<\/p>\n\t<p class=\"wpcf7-inline-field\"><span class=\"wpcf7-form-control-wrap\" data-name=\"email\"><input size=\"40\" maxlength=\"400\" class=\"wpcf7-form-control wpcf7-email wpcf7-validates-as-required wpcf7-text wpcf7-validates-as-email\" aria-required=\"true\" aria-invalid=\"false\" placeholder=\"Email\" value=\"\" type=\"email\" name=\"email\" \/><\/span>\n\t<\/p>\n<\/div>\n<p><span class=\"wpcf7-form-control-wrap\" data-name=\"messaggio\"><textarea cols=\"40\" rows=\"8\" maxlength=\"2000\" class=\"wpcf7-form-control wpcf7-textarea\" aria-invalid=\"false\" placeholder=\"Message\" name=\"messaggio\"><\/textarea><\/span>\n<\/p>\n<p><span class=\"wpcf7-form-control-wrap\" data-name=\"accept-this-1\"><span class=\"wpcf7-form-control wpcf7-acceptance\"><span class=\"wpcf7-list-item\"><label><input type=\"checkbox\" name=\"accept-this-1\" value=\"1\" aria-invalid=\"false\" \/><span class=\"wpcf7-list-item-label\">I have read the <a href=\"https:\/\/www.lentisrl.com\/dichiarazione-sulla-privacy-ue\" target=\"_blank\" title=\"Privacy Policy\">privacy policy<\/a> and consent to the processing of my personal data to receive the requested information. <br><\/span><\/label><\/span><\/span><\/span>\n<\/p>\n<p><input class=\"wpcf7-form-control wpcf7-submit has-spinner btn btn-accent\" type=\"submit\" value=\"Send\" \/>\n<\/p><div class=\"wpcf7-response-output\" aria-hidden=\"true\"><\/div>\n<\/form>\n<\/div>\n[\/vc_column_inner][\/vc_row_inner][\/vc_column][\/vc_row]<\/p>\n<\/div>","protected":false},"excerpt":{"rendered":"<p>[vc_row row_height_percent=&#8221;100&#8243; override_padding=&#8221;yes&#8221; h_padding=&#8221;2&#8243; top_padding=&#8221;5&#8243; bottom_padding=&#8221;4&#8243; back_image=&#8221;146558&#8243; multiple_media=&#8221;yes&#8221; kburns=&#8221;magnetic&#8221; overlay_color=&#8221;color-jevc&#8221; overlay_alpha=&#8221;20&#8243; gutter_size=&#8221;4&#8243; column_width_percent=&#8221;100&#8243; shift_y=&#8221;0&#8243; z_index=&#8221;0&#8243; content_parallax=&#8221;0&#8243; uncode_shortcode_id=&#8221;171481&#8243; overlay_color_type=&#8221;uncode-palette&#8221;][vc_column column_width_percent=&#8221;100&#8243; position_vertical=&#8221;justify&#8221; [&hellip;]<\/p>\n","protected":false},"author":1,"featured_media":0,"parent":0,"menu_order":0,"comment_status":"closed","ping_status":"closed","template":"","meta":{"footnotes":""},"class_list":["post-147405","page","type-page","status-publish","hentry"],"_links":{"self":[{"href":"https:\/\/www.lentisrl.com\/en\/wp-json\/wp\/v2\/pages\/147405","targetHints":{"allow":["GET"]}}],"collection":[{"href":"https:\/\/www.lentisrl.com\/en\/wp-json\/wp\/v2\/pages"}],"about":[{"href":"https:\/\/www.lentisrl.com\/en\/wp-json\/wp\/v2\/types\/page"}],"author":[{"embeddable":true,"href":"https:\/\/www.lentisrl.com\/en\/wp-json\/wp\/v2\/users\/1"}],"replies":[{"embeddable":true,"href":"https:\/\/www.lentisrl.com\/en\/wp-json\/wp\/v2\/comments?post=147405"}],"version-history":[{"count":10,"href":"https:\/\/www.lentisrl.com\/en\/wp-json\/wp\/v2\/pages\/147405\/revisions"}],"predecessor-version":[{"id":147629,"href":"https:\/\/www.lentisrl.com\/en\/wp-json\/wp\/v2\/pages\/147405\/revisions\/147629"}],"wp:attachment":[{"href":"https:\/\/www.lentisrl.com\/en\/wp-json\/wp\/v2\/media?parent=147405"}],"curies":[{"name":"wp","href":"https:\/\/api.w.org\/{rel}","templated":true}]}}