{"id":147366,"date":"2025-01-08T14:53:47","date_gmt":"2025-01-08T14:53:47","guid":{"rendered":"https:\/\/www.lentisrl.com\/production-processes\/gradient\/"},"modified":"2025-10-16T14:25:41","modified_gmt":"2025-10-16T14:25:41","slug":"gradient","status":"publish","type":"page","link":"https:\/\/www.lentisrl.com\/en\/production-processes\/gradient\/","title":{"rendered":"Gradient"},"content":{"rendered":"<div class=\"wpb-content-wrapper\"><p>[vc_row row_height_percent=&#8221;100&#8243; override_padding=&#8221;yes&#8221; h_padding=&#8221;2&#8243; top_padding=&#8221;5&#8243; bottom_padding=&#8221;4&#8243; back_image=&#8221;146675&#8243; multiple_media=&#8221;yes&#8221; kburns=&#8221;magnetic&#8221; overlay_color=&#8221;color-jevc&#8221; overlay_alpha=&#8221;10&#8243; gutter_size=&#8221;4&#8243; column_width_percent=&#8221;100&#8243; shift_y=&#8221;0&#8243; z_index=&#8221;0&#8243; content_parallax=&#8221;0&#8243; uncode_shortcode_id=&#8221;867340&#8243; overlay_color_type=&#8221;uncode-palette&#8221;][vc_column column_width_percent=&#8221;100&#8243; position_vertical=&#8221;justify&#8221; gutter_size=&#8221;2&#8243; style=&#8221;dark&#8221; font_family=&#8221;font-955596&#8243; overlay_alpha=&#8221;50&#8243; shift_x=&#8221;0&#8243; shift_y=&#8221;0&#8243; shift_y_down=&#8221;0&#8243; z_index=&#8221;0&#8243; medium_width=&#8221;0&#8243; mobile_width=&#8221;0&#8243; css_animation=&#8221;alpha-anim&#8221; animation_speed=&#8221;1400&#8243; width=&#8221;1\/1&#8243; mobile_height=&#8221;340&#8243; uncode_shortcode_id=&#8221;196819&#8243;][vc_row_inner row_inner_height_percent=&#8221;0&#8243; overlay_alpha=&#8221;50&#8243; gutter_size=&#8221;4&#8243; shift_y=&#8221;0&#8243; z_index=&#8221;0&#8243; limit_content=&#8221;&#8221; uncode_shortcode_id=&#8221;512458&#8243;][vc_column_inner column_width_use_pixel=&#8221;yes&#8221; position_horizontal=&#8221;left&#8221; gutter_size=&#8221;2&#8243; style=&#8221;dark&#8221; overlay_alpha=&#8221;50&#8243; shift_x=&#8221;0&#8243; shift_y=&#8221;0&#8243; shift_y_down=&#8221;0&#8243; z_index=&#8221;0&#8243; medium_width=&#8221;0&#8243; mobile_width=&#8221;0&#8243; width=&#8221;1\/1&#8243; uncode_shortcode_id=&#8221;274203&#8243; column_width_pixel=&#8221;800&#8243;][\/vc_column_inner][\/vc_row_inner][vc_row_inner row_inner_height_percent=&#8221;0&#8243; overlay_alpha=&#8221;50&#8243; gutter_size=&#8221;4&#8243; shift_y=&#8221;0&#8243; z_index=&#8221;0&#8243; limit_content=&#8221;&#8221; uncode_shortcode_id=&#8221;512458&#8243;][vc_column_inner column_width_use_pixel=&#8221;yes&#8221; position_horizontal=&#8221;left&#8221; gutter_size=&#8221;2&#8243; style=&#8221;dark&#8221; overlay_alpha=&#8221;50&#8243; shift_x=&#8221;0&#8243; shift_y=&#8221;0&#8243; shift_y_down=&#8221;0&#8243; z_index=&#8221;0&#8243; medium_width=&#8221;0&#8243; mobile_width=&#8221;0&#8243; width=&#8221;1\/1&#8243; uncode_shortcode_id=&#8221;263795&#8243; column_width_pixel=&#8221;800&#8243;][vc_custom_heading text_color=&#8221;color-xsdn&#8221; heading_semantic=&#8221;h1&#8243; text_size=&#8221;fontsize-160000&#8243; text_weight=&#8221;900&#8243; text_transform=&#8221;uppercase&#8221; text_space=&#8221;fontspace-210350&#8243; uncode_shortcode_id=&#8221;996779&#8243; el_class=&#8221;subtitle&#8221; text_color_type=&#8221;uncode-palette&#8221;]Gradient lens[\/vc_custom_heading][vc_custom_heading text_size=&#8221;custom&#8221; text_weight=&#8221;800&#8243; text_space=&#8221;fontspace-781688&#8243; uncode_shortcode_id=&#8221;155331&#8243; heading_custom_size=&#8221;clamp(42px,8vw,66px)&#8221;]Unique colours and styles[\/vc_custom_heading][vc_empty_space empty_h=&#8221;4&#8243;][\/vc_column_inner][\/vc_row_inner][vc_row_inner row_inner_height_percent=&#8221;0&#8243; overlay_alpha=&#8221;50&#8243; gutter_size=&#8221;4&#8243; shift_y=&#8221;0&#8243; z_index=&#8221;0&#8243; limit_content=&#8221;&#8221; uncode_shortcode_id=&#8221;512458&#8243;][vc_column_inner column_width_use_pixel=&#8221;yes&#8221; position_horizontal=&#8221;left&#8221; gutter_size=&#8221;2&#8243; style=&#8221;dark&#8221; overlay_alpha=&#8221;50&#8243; shift_x=&#8221;0&#8243; shift_y=&#8221;0&#8243; shift_y_down=&#8221;0&#8243; z_index=&#8221;0&#8243; medium_width=&#8221;0&#8243; mobile_width=&#8221;0&#8243; width=&#8221;1\/1&#8243; uncode_shortcode_id=&#8221;178856&#8243; column_width_pixel=&#8221;800&#8243;][uncode_breadcrumbs separator=&#8221;triangle&#8221; el_class=&#8221;lenti-breadcrumbs&#8221;][\/vc_column_inner][\/vc_row_inner][\/vc_column][\/vc_row][vc_row row_height_percent=&#8221;0&#8243; override_padding=&#8221;yes&#8221; h_padding=&#8221;2&#8243; top_padding=&#8221;5&#8243; bottom_padding=&#8221;0&#8243; overlay_alpha=&#8221;50&#8243; gutter_size=&#8221;3&#8243; column_width_percent=&#8221;100&#8243; shift_y=&#8221;0&#8243; z_index=&#8221;0&#8243; inverted_device_order=&#8221;yes&#8221; content_parallax=&#8221;0&#8243; uncode_shortcode_id=&#8221;111933&#8243;][vc_column column_width_use_pixel=&#8221;yes&#8221; position_horizontal=&#8221;left&#8221; gutter_size=&#8221;3&#8243; overlay_alpha=&#8221;50&#8243; shift_x=&#8221;0&#8243; shift_y=&#8221;0&#8243; shift_y_down=&#8221;0&#8243; z_index=&#8221;0&#8243; medium_width=&#8221;0&#8243; mobile_width=&#8221;0&#8243; width=&#8221;1\/2&#8243; uncode_shortcode_id=&#8221;371540&#8243; column_width_pixel=&#8221;480&#8243;][vc_empty_space empty_h=&#8221;1&#8243; medium_visibility=&#8221;yes&#8221; mobile_visibility=&#8221;yes&#8221;][vc_custom_heading text_size=&#8221;&#8221; uncode_shortcode_id=&#8221;204226&#8243;]Tailor-made solutions for every need[\/vc_custom_heading][vc_column_text uncode_shortcode_id=&#8221;123678&#8243;]We offer a complete <b>lens tinting<\/b> service, customising each product based on the customer&#8217;s specific requests. Thanks to our experience in the industry, we can offer a complete and highly precise customisation service. After tinting, the lenses can be subjected to further treatments, such as anti-reflective and hydrophobic coatings, to ensure greater durability and optimal visual comfort.[\/vc_column_text][\/vc_column][vc_column width=&#8221;1\/2&#8243;][vc_single_image media=&#8221;147277&#8243; media_width_percent=&#8221;100&#8243; media_ratio=&#8221;one-one&#8221; shape=&#8221;img-round&#8221; radius=&#8221;std&#8221; css_animation=&#8221;bottom-t-top&#8221; uncode_shortcode_id=&#8221;836897&#8243;][\/vc_column][\/vc_row][vc_row row_height_percent=&#8221;0&#8243; override_padding=&#8221;yes&#8221; h_padding=&#8221;2&#8243; top_padding=&#8221;5&#8243; bottom_padding=&#8221;5&#8243; overlay_alpha=&#8221;50&#8243; gutter_size=&#8221;3&#8243; column_width_percent=&#8221;100&#8243; shift_y=&#8221;0&#8243; z_index=&#8221;0&#8243; content_parallax=&#8221;0&#8243; uncode_shortcode_id=&#8221;210017&#8243;][vc_column width=&#8221;1\/2&#8243;][vc_single_image media=&#8221;147278&#8243; media_width_percent=&#8221;100&#8243; media_ratio=&#8221;one-one&#8221; shape=&#8221;img-round&#8221; radius=&#8221;std&#8221; css_animation=&#8221;bottom-t-top&#8221; uncode_shortcode_id=&#8221;343764&#8243;][\/vc_column][vc_column column_width_use_pixel=&#8221;yes&#8221; position_horizontal=&#8221;right&#8221; gutter_size=&#8221;3&#8243; overlay_alpha=&#8221;50&#8243; shift_x=&#8221;0&#8243; shift_y=&#8221;0&#8243; shift_y_down=&#8221;0&#8243; z_index=&#8221;0&#8243; medium_width=&#8221;0&#8243; mobile_width=&#8221;0&#8243; width=&#8221;1\/2&#8243; uncode_shortcode_id=&#8221;147269&#8243; column_width_pixel=&#8221;480&#8243;][vc_empty_space empty_h=&#8221;1&#8243; medium_visibility=&#8221;yes&#8221; mobile_visibility=&#8221;yes&#8221;][vc_custom_heading text_size=&#8221;&#8221; uncode_shortcode_id=&#8221;127611&#8243;]Infinite range of possibilities[\/vc_custom_heading][vc_column_text uncode_shortcode_id=&#8221;107507&#8243;]Realizziamo sfumature delle lenti standard, bi-sfumate e triple shaded, adattando l&#8217;intensit\u00e0 e la tonalit\u00e0 del colore alle diverse esigenze. Inoltre, offriamo una vasta <a href=\"https:\/\/www.lentisrl.com\/processi-produttivi\/colorazione-granulo\/\">gamma di colori<\/a>, da quelli pi\u00f9 classici a quelli pi\u00f9 accesi, fino a soluzioni pi\u00f9 particolari e personalizzate.\u00a0 Lenti Srl, grazie alla sua esperienza e la sua capacit\u00e0 dello stabilimento produttivo, \u00e8 in grado di offrire un servizio di sfumatura completo su qualsiasi tipo di lente, indipendentemente dalla forma e dimensioni.[\/vc_column_text][\/vc_column][\/vc_row][vc_row row_height_percent=&#8221;0&#8243; override_padding=&#8221;yes&#8221; h_padding=&#8221;2&#8243; top_padding=&#8221;0&#8243; bottom_padding=&#8221;0&#8243; overlay_alpha=&#8221;50&#8243; gutter_size=&#8221;3&#8243; column_width_percent=&#8221;100&#8243; shift_y=&#8221;0&#8243; z_index=&#8221;0&#8243; content_parallax=&#8221;0&#8243; uncode_shortcode_id=&#8221;131325&#8243;][vc_column column_width_percent=&#8221;100&#8243; gutter_size=&#8221;2&#8243; overlay_alpha=&#8221;50&#8243; shift_x=&#8221;0&#8243; shift_y=&#8221;0&#8243; shift_y_down=&#8221;0&#8243; z_index=&#8221;0&#8243; medium_width=&#8221;0&#8243; mobile_width=&#8221;0&#8243; width=&#8221;1\/1&#8243; uncode_shortcode_id=&#8221;105527&#8243;][vc_row_inner row_inner_height_percent=&#8221;0&#8243; overlay_alpha=&#8221;50&#8243; gutter_size=&#8221;3&#8243; shift_y=&#8221;0&#8243; z_index=&#8221;0&#8243; desktop_visibility=&#8221;yes&#8221; uncode_shortcode_id=&#8221;426016&#8243;][vc_column_inner column_width_use_pixel=&#8221;yes&#8221; align_horizontal=&#8221;align_center&#8221; gutter_size=&#8221;3&#8243; overlay_alpha=&#8221;50&#8243; shift_x=&#8221;0&#8243; shift_y=&#8221;0&#8243; shift_y_down=&#8221;0&#8243; z_index=&#8221;0&#8243; align_medium=&#8221;align_left_tablet&#8221; medium_width=&#8221;0&#8243; align_mobile=&#8221;align_left_mobile&#8221; mobile_width=&#8221;0&#8243; width=&#8221;1\/1&#8243; uncode_shortcode_id=&#8221;974735&#8243; column_width_pixel=&#8221;580&#8243;][vc_separator sep_color=&#8221;&#8221; desktop_visibility=&#8221;yes&#8221; uncode_shortcode_id=&#8221;824616&#8243;][vc_empty_space empty_h=&#8221;3&#8243;][\/vc_column_inner][\/vc_row_inner][vc_row_inner][vc_column_inner column_width_use_pixel=&#8221;yes&#8221; align_horizontal=&#8221;align_center&#8221; gutter_size=&#8221;3&#8243; overlay_alpha=&#8221;50&#8243; shift_x=&#8221;0&#8243; shift_y=&#8221;0&#8243; shift_y_down=&#8221;0&#8243; z_index=&#8221;0&#8243; align_medium=&#8221;align_left_tablet&#8221; medium_width=&#8221;0&#8243; align_mobile=&#8221;align_left_mobile&#8221; mobile_width=&#8221;0&#8243; width=&#8221;1\/1&#8243; uncode_shortcode_id=&#8221;205833&#8243; column_width_pixel=&#8221;580&#8243;][vc_custom_heading text_size=&#8221;&#8221; uncode_shortcode_id=&#8221;414774&#8243;]Technical parameters and certifications[\/vc_custom_heading][vc_column_text uncode_shortcode_id=&#8221;153284&#8243;]The quality of our treatments is guaranteed by rigorous monitoring of technical parameters and compliance with current regulations.[\/vc_column_text][\/vc_column_inner][\/vc_row_inner][vc_empty_space empty_h=&#8221;2&#8243; medium_visibility=&#8221;yes&#8221; mobile_visibility=&#8221;yes&#8221;][vc_empty_space empty_h=&#8221;2&#8243; desktop_visibility=&#8221;yes&#8221;][vc_row_inner row_inner_height_percent=&#8221;0&#8243; overlay_alpha=&#8221;50&#8243; equal_height=&#8221;yes&#8221; gutter_size=&#8221;2&#8243; shift_y=&#8221;0&#8243; z_index=&#8221;0&#8243; uncode_shortcode_id=&#8221;191338&#8243;][vc_column_inner column_width_percent=&#8221;100&#8243; gutter_size=&#8221;3&#8243; override_padding=&#8221;yes&#8221; column_padding=&#8221;3&#8243; back_color=&#8221;color-lxmt&#8221; overlay_alpha=&#8221;50&#8243; radius=&#8221;std&#8221; shift_x=&#8221;0&#8243; shift_y=&#8221;0&#8243; shift_y_down=&#8221;0&#8243; z_index=&#8221;0&#8243; medium_width=&#8221;0&#8243; mobile_width=&#8221;0&#8243; width=&#8221;1\/3&#8243; uncode_shortcode_id=&#8221;184593&#8243; back_color_type=&#8221;uncode-palette&#8221;][vc_custom_heading heading_semantic=&#8221;h3&#8243; text_size=&#8221;h4&#8243; subheading=&#8221;The correct shading is checked on the lens, ensuring a gradual and uniform transition between the lighter and darker areas.&#8221; uncode_shortcode_id=&#8221;685586&#8243;]Colour gradation[\/vc_custom_heading][\/vc_column_inner][vc_column_inner column_width_percent=&#8221;100&#8243; gutter_size=&#8221;3&#8243; override_padding=&#8221;yes&#8221; column_padding=&#8221;3&#8243; back_color=&#8221;color-lxmt&#8221; overlay_alpha=&#8221;50&#8243; radius=&#8221;std&#8221; shift_x=&#8221;0&#8243; shift_y=&#8221;0&#8243; shift_y_down=&#8221;0&#8243; z_index=&#8221;0&#8243; medium_width=&#8221;0&#8243; mobile_width=&#8221;0&#8243; width=&#8221;1\/3&#8243; uncode_shortcode_id=&#8221;953341&#8243; back_color_type=&#8221;uncode-palette&#8221;][vc_custom_heading heading_semantic=&#8221;h3&#8243; text_size=&#8221;h4&#8243; uncode_shortcode_id=&#8221;138829&#8243; subheading=&#8221;Measured at various points on the lens to ensure that the uniformity of transmittance complies with the main regulations for sunglasses lenses.&#8221;]Light transmittance[\/vc_custom_heading][\/vc_column_inner][vc_column_inner column_width_percent=&#8221;100&#8243; gutter_size=&#8221;3&#8243; override_padding=&#8221;yes&#8221; column_padding=&#8221;3&#8243; back_color=&#8221;color-lxmt&#8221; overlay_alpha=&#8221;50&#8243; shift_x=&#8221;0&#8243; shift_y=&#8221;0&#8243; shift_y_down=&#8221;0&#8243; z_index=&#8221;0&#8243; medium_width=&#8221;0&#8243; mobile_width=&#8221;0&#8243; width=&#8221;1\/3&#8243; uncode_shortcode_id=&#8221;640199&#8243; back_color_type=&#8221;uncode-palette&#8221;][vc_custom_heading heading_semantic=&#8221;h3&#8243; text_size=&#8221;h4&#8243; uncode_shortcode_id=&#8221;549092&#8243; subheading=&#8221;Gradient lenses are subjected to abrasion resistance tests to evaluate their resistance to scratches and wear.&#8221;]Scratch resistance[\/vc_custom_heading][\/vc_column_inner][\/vc_row_inner][vc_row_inner row_inner_height_percent=&#8221;0&#8243; overlay_alpha=&#8221;50&#8243; equal_height=&#8221;yes&#8221; gutter_size=&#8221;2&#8243; shift_y=&#8221;0&#8243; z_index=&#8221;0&#8243; uncode_shortcode_id=&#8221;191338&#8243;][vc_column_inner column_width_percent=&#8221;100&#8243; gutter_size=&#8221;3&#8243; override_padding=&#8221;yes&#8221; column_padding=&#8221;3&#8243; back_color=&#8221;color-lxmt&#8221; overlay_alpha=&#8221;50&#8243; radius=&#8221;std&#8221; shift_x=&#8221;0&#8243; shift_y=&#8221;0&#8243; shift_y_down=&#8221;0&#8243; z_index=&#8221;0&#8243; medium_width=&#8221;0&#8243; mobile_width=&#8221;0&#8243; width=&#8221;1\/3&#8243; uncode_shortcode_id=&#8221;184593&#8243; back_color_type=&#8221;uncode-palette&#8221;][vc_custom_heading heading_semantic=&#8221;h3&#8243; text_size=&#8221;h4&#8243; uncode_shortcode_id=&#8221;164908&#8243; subheading=&#8221;The adhesion of the anti-scratch coating after the colour shading is checked to prevent it from flaking or peeling off over time.&#8221;]Coating adhesion[\/vc_custom_heading][\/vc_column_inner][vc_column_inner column_width_percent=&#8221;100&#8243; gutter_size=&#8221;3&#8243; override_padding=&#8221;yes&#8221; column_padding=&#8221;3&#8243; overlay_alpha=&#8221;50&#8243; radius=&#8221;std&#8221; shift_x=&#8221;0&#8243; shift_y=&#8221;0&#8243; shift_y_down=&#8221;0&#8243; z_index=&#8221;0&#8243; medium_visibility=&#8221;yes&#8221; medium_width=&#8221;0&#8243; mobile_visibility=&#8221;yes&#8221; mobile_width=&#8221;0&#8243; width=&#8221;1\/3&#8243; uncode_shortcode_id=&#8221;244579&#8243;][\/vc_column_inner][vc_column_inner column_width_percent=&#8221;100&#8243; gutter_size=&#8221;3&#8243; overlay_alpha=&#8221;50&#8243; shift_x=&#8221;0&#8243; shift_y=&#8221;0&#8243; shift_y_down=&#8221;0&#8243; z_index=&#8221;0&#8243; medium_visibility=&#8221;yes&#8221; medium_width=&#8221;0&#8243; mobile_visibility=&#8221;yes&#8221; mobile_width=&#8221;0&#8243; width=&#8221;1\/3&#8243; uncode_shortcode_id=&#8221;669785&#8243;][\/vc_column_inner][\/vc_row_inner][\/vc_column][\/vc_row][vc_row row_height_percent=&#8221;0&#8243; override_padding=&#8221;yes&#8221; h_padding=&#8221;2&#8243; top_padding=&#8221;5&#8243; bottom_padding=&#8221;5&#8243; overlay_alpha=&#8221;50&#8243; gutter_size=&#8221;3&#8243; column_width_percent=&#8221;100&#8243; shift_y=&#8221;0&#8243; z_index=&#8221;0&#8243; content_parallax=&#8221;0&#8243; uncode_shortcode_id=&#8221;114515&#8243;][vc_column column_width_percent=&#8221;100&#8243; position_horizontal=&#8221;left&#8221; gutter_size=&#8221;3&#8243; override_padding=&#8221;yes&#8221; column_padding=&#8221;3&#8243; style=&#8221;dark&#8221; back_color=&#8221;accent&#8221; overlay_alpha=&#8221;50&#8243; radius=&#8221;std&#8221; shift_x=&#8221;0&#8243; shift_y=&#8221;0&#8243; shift_y_down=&#8221;0&#8243; z_index=&#8221;0&#8243; medium_width=&#8221;0&#8243; mobile_width=&#8221;0&#8243; width=&#8221;1\/1&#8243; uncode_shortcode_id=&#8221;516017&#8243; back_color_type=&#8221;uncode-palette&#8221;][vc_row_inner row_inner_height_percent=&#8221;0&#8243; overlay_alpha=&#8221;50&#8243; gutter_size=&#8221;5&#8243; shift_y=&#8221;0&#8243; z_index=&#8221;0&#8243; uncode_shortcode_id=&#8221;212715&#8243;][vc_column_inner column_width_percent=&#8221;100&#8243; gutter_size=&#8221;3&#8243; style=&#8221;dark&#8221; overlay_alpha=&#8221;50&#8243; shift_x=&#8221;0&#8243; shift_y=&#8221;0&#8243; shift_y_down=&#8221;0&#8243; z_index=&#8221;0&#8243; medium_width=&#8221;0&#8243; mobile_width=&#8221;0&#8243; width=&#8221;2\/3&#8243; uncode_shortcode_id=&#8221;854440&#8243;][vc_custom_heading heading_semantic=&#8221;p&#8221; uncode_shortcode_id=&#8221;744162&#8243;]Your vision, our advice: discover our production processes.[\/vc_custom_heading][\/vc_column_inner][vc_column_inner column_width_percent=&#8221;100&#8243; gutter_size=&#8221;3&#8243; style=&#8221;dark&#8221; overlay_alpha=&#8221;50&#8243; shift_x=&#8221;0&#8243; shift_y=&#8221;0&#8243; shift_y_down=&#8221;0&#8243; z_index=&#8221;0&#8243; medium_width=&#8221;0&#8243; mobile_width=&#8221;0&#8243; width=&#8221;1\/3&#8243; uncode_shortcode_id=&#8221;211641&#8243;][uncode_list icon=&#8221;fa fa-arrow-right2&#8243; css_animation=&#8221;alpha-anim&#8221; animation_delay=&#8221;100&#8243; uncode_shortcode_id=&#8221;197581&#8243; el_class=&#8221;lenti-menu-processi-produttivi&#8221;]<\/p>\n<ul>\n<li><a href=\"https:\/\/www.lentisrl.com\/processi-produttivi\/stampaggio-a-iniezione\/\">Stampaggio a iniezione<\/a><\/li>\n<li><a href=\"https:\/\/www.lentisrl.com\/processi-produttivi\/dip-coating\/\">Dip coating<\/a><\/li>\n<li><a href=\"https:\/\/www.lentisrl.com\/processi-produttivi\/flow-coating\/\">Flow coating<\/a><\/li>\n<li><a href=\"https:\/\/www.lentisrl.com\/processi-produttivi\/sfumatura\/\">Sfumatura<\/a><\/li>\n<li><a href=\"https:\/\/www.lentisrl.com\/processi-produttivi\/specchiatura\/\">Specchiatura<\/a><\/li>\n<li><a href=\"https:\/\/www.lentisrl.com\/processi-produttivi\/colorazione-granulo\/\">Colorazione granulo<\/a><\/li>\n<li><a href=\"https:\/\/www.lentisrl.com\/processi-produttivi\/tampografia\/\">Tampografia<\/a><\/li>\n<li><a href=\"https:\/\/www.lentisrl.com\/servizi-accessori\/\">Servizi accessori<\/a><\/li>\n<\/ul>\n<p>[\/uncode_list][\/vc_column_inner][\/vc_row_inner][\/vc_column][\/vc_row][vc_row row_height_percent=&#8221;0&#8243; override_padding=&#8221;yes&#8221; h_padding=&#8221;2&#8243; top_padding=&#8221;5&#8243; bottom_padding=&#8221;0&#8243; back_color=&#8221;color-lxmt&#8221; overlay_alpha=&#8221;50&#8243; gutter_size=&#8221;3&#8243; column_width_use_pixel=&#8221;yes&#8221; shift_y=&#8221;0&#8243; z_index=&#8221;2&#8243; top_divider=&#8221;gradient&#8221; enable_bottom_divider=&#8221;default&#8221; bottom_divider=&#8221;step&#8221; shape_bottom_h_use_pixel=&#8221;&#8221; shape_bottom_height=&#8221;96&#8243; shape_bottom_color=&#8221;color-875498&#8243; shape_bottom_opacity=&#8221;100&#8243; shape_bottom_index=&#8221;0&#8243; content_parallax=&#8221;0&#8243; uncode_shortcode_id=&#8221;355904&#8243; back_color_type=&#8221;uncode-palette&#8221; shape_bottom_color_type=&#8221;uncode-palette&#8221;][vc_column column_width_percent=&#8221;100&#8243; gutter_size=&#8221;3&#8243; overlay_alpha=&#8221;50&#8243; shift_x=&#8221;0&#8243; shift_y=&#8221;0&#8243; shift_y_down=&#8221;0&#8243; z_index=&#8221;0&#8243; medium_width=&#8221;0&#8243; mobile_width=&#8221;0&#8243; width=&#8221;1\/1&#8243; uncode_shortcode_id=&#8221;491323&#8243;][vc_row_inner][vc_column_inner column_width_use_pixel=&#8221;yes&#8221; position_horizontal=&#8221;left&#8221; gutter_size=&#8221;3&#8243; overlay_alpha=&#8221;50&#8243; shift_x=&#8221;0&#8243; shift_y=&#8221;0&#8243; shift_y_down=&#8221;0&#8243; z_index=&#8221;0&#8243; medium_width=&#8221;0&#8243; mobile_width=&#8221;0&#8243; width=&#8221;1\/2&#8243; uncode_shortcode_id=&#8221;123487&#8243; column_width_pixel=&#8221;480&#8243;][vc_empty_space empty_h=&#8221;1&#8243; medium_visibility=&#8221;yes&#8221; mobile_visibility=&#8221;yes&#8221;][vc_custom_heading heading_semantic=&#8221;h6&#8243; text_size=&#8221;fontsize-160000&#8243; text_weight=&#8221;600&#8243; text_transform=&#8221;uppercase&#8221; text_space=&#8221;fontspace-210350&#8243; uncode_shortcode_id=&#8221;105399&#8243; el_class=&#8221;subtitle&#8221; text_color_type=&#8221;uncode-solid&#8221; text_color_solid=&#8221;rgba(0,59,101,0.4)&#8221;]Info and contacts[\/vc_custom_heading][vc_custom_heading heading_semantic=&#8221;p&#8221; uncode_shortcode_id=&#8221;989154&#8243;]Do you need extra protection for your lenses?[\/vc_custom_heading][vc_column_text uncode_shortcode_id=&#8221;136187&#8243;]Contact us for a personalised consultation and to discover all the possibilities offered by <b>lens tints<\/b>. Our team of experts is available to offer comprehensive advice and meet your every need.[\/vc_column_text][\/vc_column_inner][vc_column_inner column_width_percent=&#8221;100&#8243; gutter_size=&#8221;3&#8243; override_padding=&#8221;yes&#8221; column_padding=&#8221;3&#8243; back_color=&#8221;color-xsdn&#8221; overlay_alpha=&#8221;50&#8243; radius=&#8221;std&#8221; shadow=&#8221;std&#8221; shift_x=&#8221;0&#8243; shift_y=&#8221;0&#8243; shift_y_down=&#8221;0&#8243; z_index=&#8221;0&#8243; medium_width=&#8221;0&#8243; mobile_width=&#8221;0&#8243; width=&#8221;1\/2&#8243; uncode_shortcode_id=&#8221;173593&#8243; back_color_type=&#8221;uncode-palette&#8221;]\n<div class=\"wpcf7 no-js\" id=\"wpcf7-f147495-o1\" lang=\"en-US\" dir=\"ltr\" data-wpcf7-id=\"147495\">\n<div class=\"screen-reader-response\"><p role=\"status\" aria-live=\"polite\" aria-atomic=\"true\"><\/p> <ul><\/ul><\/div>\n<form action=\"\/en\/wp-json\/wp\/v2\/pages\/147366#wpcf7-f147495-o1\" method=\"post\" class=\"wpcf7-form init input-underline\" aria-label=\"Contact form\" novalidate=\"novalidate\" data-status=\"init\">\n<fieldset class=\"hidden-fields-container\"><input type=\"hidden\" name=\"_wpcf7\" value=\"147495\" \/><input type=\"hidden\" name=\"_wpcf7_version\" value=\"6.1.4\" \/><input type=\"hidden\" name=\"_wpcf7_locale\" value=\"en_US\" \/><input type=\"hidden\" name=\"_wpcf7_unit_tag\" value=\"wpcf7-f147495-o1\" \/><input type=\"hidden\" name=\"_wpcf7_container_post\" value=\"0\" \/><input type=\"hidden\" name=\"_wpcf7_posted_data_hash\" value=\"\" \/><input type=\"hidden\" name=\"_wpcf7_recaptcha_response\" value=\"\" \/>\n<\/fieldset>\n<div class=\"wpcf7-inline-wrapper\">\n\t<p class=\"wpcf7-inline-field\"><span class=\"wpcf7-form-control-wrap\" data-name=\"nome\"><input size=\"40\" maxlength=\"400\" class=\"wpcf7-form-control wpcf7-text wpcf7-validates-as-required\" aria-required=\"true\" aria-invalid=\"false\" placeholder=\"Name\" value=\"\" type=\"text\" name=\"nome\" \/><\/span>\n\t<\/p>\n\t<p class=\"wpcf7-inline-field\"><span class=\"wpcf7-form-control-wrap\" data-name=\"cognome\"><input size=\"40\" maxlength=\"400\" class=\"wpcf7-form-control wpcf7-text wpcf7-validates-as-required form-fluid\" aria-required=\"true\" aria-invalid=\"false\" placeholder=\"Surname\" value=\"\" type=\"text\" name=\"cognome\" \/><\/span>\n\t<\/p>\n<\/div>\n<div class=\"wpcf7-inline-wrapper\">\n\t<p class=\"wpcf7-inline-field\"><span class=\"wpcf7-form-control-wrap\" data-name=\"azienda\"><input size=\"40\" maxlength=\"400\" class=\"wpcf7-form-control wpcf7-text form-fluid\" aria-invalid=\"false\" placeholder=\"Company\" value=\"\" type=\"text\" name=\"azienda\" \/><\/span>\n\t<\/p>\n\t<p class=\"wpcf7-inline-field\"><span class=\"wpcf7-form-control-wrap\" data-name=\"email\"><input size=\"40\" maxlength=\"400\" class=\"wpcf7-form-control wpcf7-email wpcf7-validates-as-required wpcf7-text wpcf7-validates-as-email\" aria-required=\"true\" aria-invalid=\"false\" placeholder=\"Email\" value=\"\" type=\"email\" name=\"email\" \/><\/span>\n\t<\/p>\n<\/div>\n<p><span class=\"wpcf7-form-control-wrap\" data-name=\"messaggio\"><textarea cols=\"40\" rows=\"8\" maxlength=\"2000\" class=\"wpcf7-form-control wpcf7-textarea\" aria-invalid=\"false\" placeholder=\"Message\" name=\"messaggio\"><\/textarea><\/span>\n<\/p>\n<p><span class=\"wpcf7-form-control-wrap\" data-name=\"accept-this-1\"><span class=\"wpcf7-form-control wpcf7-acceptance\"><span class=\"wpcf7-list-item\"><label><input type=\"checkbox\" name=\"accept-this-1\" value=\"1\" aria-invalid=\"false\" \/><span class=\"wpcf7-list-item-label\">I have read the <a href=\"https:\/\/www.lentisrl.com\/dichiarazione-sulla-privacy-ue\" target=\"_blank\" title=\"Privacy Policy\">privacy policy<\/a> and consent to the processing of my personal data to receive the requested information. <br><\/span><\/label><\/span><\/span><\/span>\n<\/p>\n<p><input class=\"wpcf7-form-control wpcf7-submit has-spinner btn btn-accent\" type=\"submit\" value=\"Send\" \/>\n<\/p><div class=\"wpcf7-response-output\" aria-hidden=\"true\"><\/div>\n<\/form>\n<\/div>\n[\/vc_column_inner][\/vc_row_inner][\/vc_column][\/vc_row]<\/p>\n<\/div>","protected":false},"excerpt":{"rendered":"<p>[vc_row row_height_percent=&#8221;100&#8243; override_padding=&#8221;yes&#8221; h_padding=&#8221;2&#8243; top_padding=&#8221;5&#8243; bottom_padding=&#8221;4&#8243; back_image=&#8221;146675&#8243; multiple_media=&#8221;yes&#8221; kburns=&#8221;magnetic&#8221; overlay_color=&#8221;color-jevc&#8221; overlay_alpha=&#8221;10&#8243; gutter_size=&#8221;4&#8243; column_width_percent=&#8221;100&#8243; shift_y=&#8221;0&#8243; z_index=&#8221;0&#8243; content_parallax=&#8221;0&#8243; uncode_shortcode_id=&#8221;867340&#8243; overlay_color_type=&#8221;uncode-palette&#8221;][vc_column column_width_percent=&#8221;100&#8243; position_vertical=&#8221;justify&#8221; [&hellip;]<\/p>\n","protected":false},"author":1,"featured_media":0,"parent":147344,"menu_order":0,"comment_status":"closed","ping_status":"closed","template":"","meta":{"footnotes":""},"class_list":["post-147366","page","type-page","status-publish","hentry"],"_links":{"self":[{"href":"https:\/\/www.lentisrl.com\/en\/wp-json\/wp\/v2\/pages\/147366","targetHints":{"allow":["GET"]}}],"collection":[{"href":"https:\/\/www.lentisrl.com\/en\/wp-json\/wp\/v2\/pages"}],"about":[{"href":"https:\/\/www.lentisrl.com\/en\/wp-json\/wp\/v2\/types\/page"}],"author":[{"embeddable":true,"href":"https:\/\/www.lentisrl.com\/en\/wp-json\/wp\/v2\/users\/1"}],"replies":[{"embeddable":true,"href":"https:\/\/www.lentisrl.com\/en\/wp-json\/wp\/v2\/comments?post=147366"}],"version-history":[{"count":8,"href":"https:\/\/www.lentisrl.com\/en\/wp-json\/wp\/v2\/pages\/147366\/revisions"}],"predecessor-version":[{"id":147677,"href":"https:\/\/www.lentisrl.com\/en\/wp-json\/wp\/v2\/pages\/147366\/revisions\/147677"}],"up":[{"embeddable":true,"href":"https:\/\/www.lentisrl.com\/en\/wp-json\/wp\/v2\/pages\/147344"}],"wp:attachment":[{"href":"https:\/\/www.lentisrl.com\/en\/wp-json\/wp\/v2\/media?parent=147366"}],"curies":[{"name":"wp","href":"https:\/\/api.w.org\/{rel}","templated":true}]}}